{"id":93,"date":"2024-02-12T13:46:58","date_gmt":"2024-02-12T13:46:58","guid":{"rendered":"https:\/\/educatia.com.mx\/?page_id=93"},"modified":"2024-08-13T18:29:55","modified_gmt":"2024-08-13T18:29:55","slug":"nuestro-trabajo","status":"publish","type":"page","link":"https:\/\/www.iaarquitectos.com\/?page_id=93","title":{"rendered":"Nuestro trabajo"},"content":{"rendered":"<p>[et_pb_section fb_built=&#8221;1&#8243; _builder_version=&#8221;4.22.1&#8243; _module_preset=&#8221;default&#8221; global_colors_info=&#8221;{}&#8221;][et_pb_row _builder_version=&#8221;4.22.1&#8243; _module_preset=&#8221;default&#8221; global_colors_info=&#8221;{}&#8221;][et_pb_column type=&#8221;4_4&#8243; _builder_version=&#8221;4.22.1&#8243; _module_preset=&#8221;default&#8221; global_colors_info=&#8221;{}&#8221;][et_pb_text _builder_version=&#8221;4.22.1&#8243; _module_preset=&#8221;default&#8221; global_colors_info=&#8221;{}&#8221;]<\/p>\n<h1 style=\"text-align: center;\"><strong>Nuestros Servicios<br \/><\/strong><\/h1>\n<p>[\/et_pb_text][\/et_pb_column][\/et_pb_row][et_pb_row column_structure=&#8221;1_3,1_3,1_3&#8243; _builder_version=&#8221;4.22.1&#8243; _module_preset=&#8221;default&#8221; global_colors_info=&#8221;{}&#8221;][et_pb_column type=&#8221;1_3&#8243; _builder_version=&#8221;4.22.1&#8243; _module_preset=&#8221;default&#8221; global_colors_info=&#8221;{}&#8221;][et_pb_image src=&#8221;https:\/\/www.iaarquitectos.com\/wp-content\/uploads\/2024\/08\/Anteproyectos.png&#8221; title_text=&#8221;Anteproyectos&#8221; align=&#8221;center&#8221; admin_label=&#8221;Image Anteproyecto&#8221; _builder_version=&#8221;4.27.0&#8243; _module_preset=&#8221;default&#8221; global_colors_info=&#8221;{}&#8221;][\/et_pb_image][et_pb_text admin_label=&#8221;Text Anteproyecto.&#8221; _builder_version=&#8221;4.27.0&#8243; _module_preset=&#8221;default&#8221; global_colors_info=&#8221;{}&#8221;]<\/p>\n<h3 style=\"text-align: center;\"><strong>Anteproyectos<\/strong><\/h3>\n<p style=\"text-align: justify;\">Generamos una maqueta 3D con el dise\u00f1o y las ideas que se tiene para su remodelaci\u00f3n u obra nueva.<\/p>\n<p style=\"text-align: justify;\">Este paso es ideal para cuando:<\/p>\n<ul>\n<li style=\"text-align: justify;\">Desarrollar una idea y no necesariamente construir inmediatamente.<\/li>\n<li style=\"text-align: justify;\">Para una remodelaci\u00f3n interior o dise\u00f1o de locales comerciales que no requieren permisos de construcci\u00f3n.<\/li>\n<\/ul>\n<p>Entrega:<\/p>\n<ul>\n<li>Hasta 2 propuestas de dise\u00f1o de fachada y distribuci\u00f3n de \u00e1reas en renders de maqueta en 3D del dise\u00f1o.<\/li>\n<li>Impresiones seleccionadas de dichos renders.<\/li>\n<li>USB con los renders del mismo.<\/li>\n<\/ul>\n<p>[\/et_pb_text][et_pb_image src=&#8221;https:\/\/www.iaarquitectos.com\/wp-content\/uploads\/2024\/08\/Presupuesto.png&#8221; title_text=&#8221;Presupuesto&#8221; _builder_version=&#8221;4.27.0&#8243; _module_preset=&#8221;default&#8221; hover_enabled=&#8221;0&#8243; global_colors_info=&#8221;{}&#8221; admin_label=&#8221;Image presupuesto&#8221; sticky_enabled=&#8221;0&#8243;][\/et_pb_image][et_pb_text admin_label=&#8221;Text presupuesto.&#8221; _builder_version=&#8221;4.27.0&#8243; _module_preset=&#8221;default&#8221; global_colors_info=&#8221;{}&#8221;]<\/p>\n<h3 style=\"text-align: center;\"><strong>Presupuesto<\/strong><\/h3>\n<p><span style=\"font-weight: 400;\">Manejamos 2 tipos de presupuestos<\/span><span style=\"font-weight: 400;\">:<br \/><\/span><\/p>\n<ul>\n<li style=\"font-weight: 400;\" aria-level=\"1\"><span style=\"font-weight: 400;\">PRESUPUESTO PARAM\u00c9TRICO: es un\u00a0 presupuesto aproximado que no tiene costo, pero no es exacto.<\/span><\/li>\n<li style=\"font-weight: 400;\" aria-level=\"1\"><span style=\"font-weight: 400;\">PRESUPUESTOS A DETALLE: es un presupuesto muy exactos y extenso, para que cuando se ejecute la construcci\u00f3n de la obra usted sepa con certeza cu\u00e1nto va a costar y el alcance y limitaciones de la obra. Se desglosa en precios unitarios de conceptos que le servir\u00e1n para tener claro todo los detalles y costos de cada parte de la obra.<\/span><\/li>\n<\/ul>\n<p>[\/et_pb_text][\/et_pb_column][et_pb_column type=&#8221;1_3&#8243; _builder_version=&#8221;4.22.1&#8243; _module_preset=&#8221;default&#8221; global_colors_info=&#8221;{}&#8221;][et_pb_image src=&#8221;https:\/\/www.iaarquitectos.com\/wp-content\/uploads\/2024\/02\/image-of-engineering-objects-on-workplace-top-view-construction-concept-engineering-tools-vintage-tone-retro-filter-effect-soft-focus-selective-focus-1-scaled-1.jpg&#8221; title_text=&#8221;image-of-engineering-objects-on-workplace-top-view-construction-concept-engineering-tools-vintage-tone-retro-filter-effect-soft-focus-selective-focus-1-scaled&#8221; align=&#8221;center&#8221; admin_label=&#8221;Image Planos&#8221; _builder_version=&#8221;4.27.0&#8243; _module_preset=&#8221;default&#8221; module_alignment=&#8221;center&#8221; height=&#8221;191px&#8221; global_colors_info=&#8221;{}&#8221;][\/et_pb_image][et_pb_text admin_label=&#8221;Text Planos.&#8221; _builder_version=&#8221;4.27.0&#8243; _module_preset=&#8221;default&#8221; global_colors_info=&#8221;{}&#8221;]<\/p>\n<h3 style=\"text-align: center;\"><strong>Planos<\/strong><\/h3>\n<p style=\"text-align: justify;\"><span style=\"font-weight: 400;\">El plano arquitect\u00f3nico de un proyecto que se utiliza para la ejecuci\u00f3n de la obra e<\/span><span style=\"font-weight: 400;\">s un documento legal el cual se usa para obtener permisos de construcci\u00f3n, calcular el costo del predial, se pide para pr\u00e9stamos hipotecarios, compraventas, pr\u00e9stamos bancarios, etc.<\/span><\/p>\n<p style=\"text-align: justify;\"><span style=\"font-weight: 400;\">Se entrega los planos arquitect\u00f3nico impresos con el cuadro de datos correspondientes, cortes, fachadas y todos los dibujos y documentos requeridos para la tramitaci\u00f3n del plano arquitect\u00f3nico para obras p\u00fablicas.<\/span><\/p>\n<p style=\"text-align: justify;\"><span style=\"font-weight: 400;\"><\/span><\/p>\n<p style=\"text-align: justify;\"><span style=\"font-weight: 400;\"><\/span><\/p>\n<p style=\"text-align: justify;\"><span style=\"font-weight: 400;\"><\/span><\/p>\n<p style=\"text-align: justify;\"><span style=\"font-weight: 400;\"><\/span><\/p>\n<p style=\"text-align: justify;\"><span style=\"font-weight: 400;\"><\/span><\/p>\n<p style=\"text-align: justify;\"><span style=\"font-weight: 400;\"><\/span><\/p>\n<p style=\"text-align: justify;\"><span style=\"font-weight: 400;\"><\/span><\/p>\n<p style=\"text-align: justify;\"><span style=\"font-weight: 400;\"><\/span><\/p>\n<p style=\"text-align: justify;\"><span style=\"font-weight: 400;\"><\/span><\/p>\n<p style=\"text-align: justify;\"><span style=\"font-weight: 400;\"><\/span><\/p>\n<p style=\"text-align: justify;\">\n<p>[\/et_pb_text][et_pb_image src=&#8221;https:\/\/www.iaarquitectos.com\/wp-content\/uploads\/2024\/08\/EjecucionObra.png&#8221; title_text=&#8221;EjecucionObra&#8221; _builder_version=&#8221;4.27.0&#8243; _module_preset=&#8221;default&#8221; hover_enabled=&#8221;0&#8243; global_colors_info=&#8221;{}&#8221; admin_label=&#8221;Image Ejecucion Obra&#8221; sticky_enabled=&#8221;0&#8243; height=&#8221;164px&#8221; align=&#8221;center&#8221;][\/et_pb_image][et_pb_text admin_label=&#8221;Text Ejecucion Obra&#8221; _builder_version=&#8221;4.27.0&#8243; _module_preset=&#8221;default&#8221; hover_enabled=&#8221;0&#8243; global_colors_info=&#8221;{}&#8221; sticky_enabled=&#8221;0&#8243;]<\/p>\n<h3 style=\"text-align: center;\"><strong>Ejecuci\u00f3n de obra<\/strong><\/h3>\n<p style=\"text-align: justify;\">Ofrecemos tres opciones de servicio: <\/p>\n<ul>\n<li style=\"font-weight: 400; text-align: justify;\" aria-level=\"1\"><span style=\"font-weight: 400;\">SUPERVISI\u00d3N DE OBRA. Es la supervisi\u00f3n para verificar que se est\u00e9 llevando correctamente la ejecuci\u00f3n de una obra puede ser diaria o semanal.<\/span><\/li>\n<li style=\"font-weight: 400; text-align: justify;\" aria-level=\"1\"><span style=\"font-weight: 400;\">ASESORIA EN OBRA. Es la visita de obra para asesorarle de detalles constructivos o de ejecuci\u00f3n de la construcci\u00f3n.<\/span><\/li>\n<li style=\"font-weight: 400; text-align: justify;\" aria-level=\"1\"><span style=\"font-weight: 400;\">LLAVE EN MANO. Es llevar toda la ejecuci\u00f3n, suministro y administraci\u00f3n de la obra, para entregarle a usted la obra totalmente terminada.<\/span><\/li>\n<\/ul>\n<p>[\/et_pb_text][\/et_pb_column][et_pb_column type=&#8221;1_3&#8243; _builder_version=&#8221;4.22.1&#8243; _module_preset=&#8221;default&#8221; global_colors_info=&#8221;{}&#8221;][et_pb_image src=&#8221;https:\/\/www.iaarquitectos.com\/wp-content\/uploads\/2024\/02\/Enscape_2022-11-01-12-15-02_Enscape-scene-49.jpg&#8221; title_text=&#8221;Enscape_2022-11-01-12-15-02_Enscape scene 49&#8243; align=&#8221;center&#8221; _builder_version=&#8221;4.27.0&#8243; _module_preset=&#8221;default&#8221; height=&#8221;193px&#8221; global_colors_info=&#8221;{}&#8221;][\/et_pb_image][et_pb_text admin_label=&#8221;Text tram planos.&#8221; _builder_version=&#8221;4.27.0&#8243; _module_preset=&#8221;default&#8221; hover_enabled=&#8221;0&#8243; global_colors_info=&#8221;{}&#8221; sticky_enabled=&#8221;0&#8243;]<\/p>\n<h3 style=\"text-align: center;\"><strong>Tr\u00e1mite de planos<br \/>\n<\/strong><\/h3>\n<p style=\"text-align: justify;\"><span style=\"font-weight: 400;\">Tr\u00e1mites de los permisos de construcci\u00f3n (el tiempo var\u00eda de acuerdo a los requerimientos de cada uno). <\/span><\/p>\n<p style=\"text-align: justify;\"><span style=\"font-weight: 400;\">Nosotros te ayudamos a obtener, ordenar y tramitar todos los documentos y firmas necesarias para su pronta expedici\u00f3n.\u00a0<\/span><\/p>\n<p style=\"text-align: justify;\"><span style=\"font-weight: 400;\"><\/span><\/p>\n<p style=\"text-align: justify;\"><span style=\"font-weight: 400;\"><\/span><\/p>\n<p>&nbsp;<\/p>\n<p>&nbsp; <\/p>\n<p>&nbsp;<\/p>\n<p>&nbsp;<\/p>\n<p>&nbsp;<\/p>\n<p>&nbsp;<\/p>\n<\/p>\n<p>[\/et_pb_text][et_pb_image src=&#8221;https:\/\/www.iaarquitectos.com\/wp-content\/uploads\/2024\/08\/Asesorias.png&#8221; title_text=&#8221;Asesorias&#8221; _builder_version=&#8221;4.27.0&#8243; _module_preset=&#8221;default&#8221; hover_enabled=&#8221;0&#8243; global_colors_info=&#8221;{}&#8221; admin_label=&#8221;Image Asesorias&#8221; sticky_enabled=&#8221;0&#8243; height=&#8221;184px&#8221; align=&#8221;center&#8221;][\/et_pb_image][et_pb_text admin_label=&#8221;Text Asesor\u00edas.&#8221; _builder_version=&#8221;4.27.0&#8243; _module_preset=&#8221;default&#8221; hover_enabled=&#8221;0&#8243; global_colors_info=&#8221;{}&#8221; sticky_enabled=&#8221;0&#8243;]<\/p>\n<h3 style=\"text-align: center;\"><strong>Asesor\u00edas<\/strong><\/h3>\n<p><span style=\"font-weight: 400;\">Si tiene alguna duda de como llevar una obra, tramites, lo conveniente para resolver un problema de vicios ocultos, soluciones de problemas con su edificio nosotros podemos ayudarle con asesor\u00edas.<\/span><\/p>\n<p style=\"text-align: justify;\"><span style=\"font-weight: 400;\">La asesor\u00eda incluyen una visita al sitio o junta, el diagn\u00f3stico del problema y su posible soluci\u00f3n.<\/span><\/p>\n<p>[\/et_pb_text][\/et_pb_column][\/et_pb_row][\/et_pb_section]<\/p>\n","protected":false},"excerpt":{"rendered":"<p>Nuestros ServiciosAnteproyectos Generamos una maqueta 3D con el dise\u00f1o y las ideas que se tiene para su remodelaci\u00f3n u obra nueva. Este paso es ideal para cuando: Desarrollar una idea y no necesariamente construir inmediatamente. Para una remodelaci\u00f3n interior o dise\u00f1o de locales comerciales que no requieren permisos de construcci\u00f3n. Entrega: Hasta 2 propuestas de [&hellip;]<\/p>\n","protected":false},"author":1,"featured_media":0,"parent":0,"menu_order":0,"comment_status":"closed","ping_status":"closed","template":"","meta":{"_et_pb_use_builder":"on","_et_pb_old_content":"","_et_gb_content_width":"","_joinchat":[],"footnotes":""},"class_list":["post-93","page","type-page","status-publish","hentry"],"_links":{"self":[{"href":"https:\/\/www.iaarquitectos.com\/index.php?rest_route=\/wp\/v2\/pages\/93","targetHints":{"allow":["GET"]}}],"collection":[{"href":"https:\/\/www.iaarquitectos.com\/index.php?rest_route=\/wp\/v2\/pages"}],"about":[{"href":"https:\/\/www.iaarquitectos.com\/index.php?rest_route=\/wp\/v2\/types\/page"}],"author":[{"embeddable":true,"href":"https:\/\/www.iaarquitectos.com\/index.php?rest_route=\/wp\/v2\/users\/1"}],"replies":[{"embeddable":true,"href":"https:\/\/www.iaarquitectos.com\/index.php?rest_route=%2Fwp%2Fv2%2Fcomments&post=93"}],"version-history":[{"count":32,"href":"https:\/\/www.iaarquitectos.com\/index.php?rest_route=\/wp\/v2\/pages\/93\/revisions"}],"predecessor-version":[{"id":393,"href":"https:\/\/www.iaarquitectos.com\/index.php?rest_route=\/wp\/v2\/pages\/93\/revisions\/393"}],"wp:attachment":[{"href":"https:\/\/www.iaarquitectos.com\/index.php?rest_route=%2Fwp%2Fv2%2Fmedia&parent=93"}],"curies":[{"name":"wp","href":"https:\/\/api.w.org\/{rel}","templated":true}]}}