{"id":81,"date":"2024-02-12T13:39:08","date_gmt":"2024-02-12T13:39:08","guid":{"rendered":"https:\/\/educatia.com.mx\/?page_id=81"},"modified":"2024-08-14T00:01:03","modified_gmt":"2024-08-14T00:01:03","slug":"81-2","status":"publish","type":"page","link":"https:\/\/www.iaarquitectos.com\/","title":{"rendered":"Inicio"},"content":{"rendered":"<p>[et_pb_section fb_built=&#8221;1&#8243; fullwidth=&#8221;on&#8221; admin_label=&#8221;Seccion SLIDER FULL&#8221; _builder_version=&#8221;4.22.1&#8243; _module_preset=&#8221;default&#8221; global_colors_info=&#8221;{}&#8221;][et_pb_fullwidth_slider use_bg_overlay=&#8221;off&#8221; disabled_on=&#8221;on|off|off&#8221; _builder_version=&#8221;4.27.0&#8243; _module_preset=&#8221;default&#8221; module_alignment=&#8221;center&#8221; height=&#8221;539px&#8221; global_colors_info=&#8221;{}&#8221;][et_pb_slide _builder_version=&#8221;4.22.1&#8243; _module_preset=&#8221;default&#8221; background_image=&#8221;https:\/\/www.iaarquitectos.com\/wp-content\/uploads\/2024\/02\/Enscape_2023-04-26-22-01-36.jpg&#8221; background_enable_image=&#8221;on&#8221; global_colors_info=&#8221;{}&#8221; sticky_transition=&#8221;on&#8221;][\/et_pb_slide][et_pb_slide _builder_version=&#8221;4.22.1&#8243; _module_preset=&#8221;default&#8221; background_image=&#8221;https:\/\/www.iaarquitectos.com\/wp-content\/uploads\/2024\/02\/IMG-20180516-WA0018.jpg&#8221; background_enable_image=&#8221;on&#8221; global_colors_info=&#8221;{}&#8221; sticky_transition=&#8221;on&#8221;][\/et_pb_slide][et_pb_slide _builder_version=&#8221;4.22.1&#8243; _module_preset=&#8221;default&#8221; background_image=&#8221;https:\/\/www.iaarquitectos.com\/wp-content\/uploads\/2024\/02\/IMG-20180516-WA0025.jpg&#8221; background_enable_image=&#8221;on&#8221; global_colors_info=&#8221;{}&#8221; sticky_transition=&#8221;on&#8221;][\/et_pb_slide][et_pb_slide _builder_version=&#8221;4.22.1&#8243; _module_preset=&#8221;default&#8221; background_image=&#8221;https:\/\/www.iaarquitectos.com\/wp-content\/uploads\/2024\/02\/Banio_3-scaled.jpg&#8221; background_enable_image=&#8221;on&#8221; global_colors_info=&#8221;{}&#8221; sticky_transition=&#8221;on&#8221;][\/et_pb_slide][\/et_pb_fullwidth_slider][et_pb_fullwidth_image src=&#8221;https:\/\/www.iaarquitectos.com\/wp-content\/uploads\/2024\/02\/Del-plano-a-la-realidad.png&#8221; title_text=&#8221;Del-plano-a-la-realidad&#8221; disabled_on=&#8221;off|on|on&#8221; _builder_version=&#8221;4.27.0&#8243; _module_preset=&#8221;default&#8221; global_colors_info=&#8221;{}&#8221;][\/et_pb_fullwidth_image][\/et_pb_section][et_pb_section fb_built=&#8221;1&#8243; _builder_version=&#8221;4.22.1&#8243; _module_preset=&#8221;default&#8221; custom_padding=&#8221;12px|||||&#8221; global_colors_info=&#8221;{}&#8221;][et_pb_row _builder_version=&#8221;4.22.1&#8243; _module_preset=&#8221;default&#8221; global_colors_info=&#8221;{}&#8221;][et_pb_column type=&#8221;4_4&#8243; _builder_version=&#8221;4.22.1&#8243; _module_preset=&#8221;default&#8221; global_colors_info=&#8221;{}&#8221;][et_pb_text _builder_version=&#8221;4.27.0&#8243; _module_preset=&#8221;default&#8221; global_colors_info=&#8221;{}&#8221;]<\/p>\n<h2 style=\"text-align: justify;\">Sobre IATA Arquitectos.<\/h2>\n<p style=\"text-align: justify;\">Somos ese espacio en donde la arquitectura cobra vida a trav\u00e9s de la innovaci\u00f3n y la creatividad. En nuestro despacho, cada proyecto es una oportunidad para transformar espacios en obras que inspiran, impactan y perduran en el tiempo. Nos especializamos en dise\u00f1ar soluciones arquitect\u00f3nicas que combinan funcionalidad y est\u00e9tica, siempre poniendo en primer lugar las necesidades y deseos de nuestros clientes.<\/p>\n<p style=\"text-align: justify;\">Explore nuestro portafolio y descubra c\u00f3mo podemos convertir su visi\u00f3n en realidad.<\/p>\n<p>[\/et_pb_text][et_pb_text _builder_version=&#8221;4.27.0&#8243; _module_preset=&#8221;default&#8221; text_font=&#8221;Arial||||||||&#8221; text_font_size=&#8221;20px&#8221; global_colors_info=&#8221;{}&#8221;]<\/p>\n<h2 style=\"text-align: left;\"><span style=\"font-size: xx-large;\"><strong>Proyectos recientes.<\/strong><\/span><\/h2>\n<p>[\/et_pb_text][et_pb_video src=&#8221;https:\/\/educatia.com.mx\/Fauna.mp4&#8243; _builder_version=&#8221;4.27.0&#8243; _module_preset=&#8221;default&#8221; global_colors_info=&#8221;{}&#8221;][\/et_pb_video][et_pb_text _builder_version=&#8221;4.27.0&#8243; _module_preset=&#8221;default&#8221; text_font=&#8221;Arial||||||||&#8221; text_font_size=&#8221;20px&#8221; global_colors_info=&#8221;{}&#8221;]<\/p>\n<h2 style=\"text-align: left;\"><span style=\"font-size: xx-large;\"><strong>Galer\u00eda.<\/strong><\/span><\/h2>\n<p>[\/et_pb_text][et_pb_gallery gallery_ids=&#8221;79,64,181,214,213,208,205,315&#8243; posts_number=&#8221;8&#8243; _builder_version=&#8221;4.27.0&#8243; _module_preset=&#8221;default&#8221; global_colors_info=&#8221;{}&#8221;][\/et_pb_gallery][\/et_pb_column][\/et_pb_row][et_pb_row column_structure=&#8221;1_4,1_4,1_4,1_4&#8243; admin_label=&#8221;Filas proyectos&#8221; _builder_version=&#8221;4.27.0&#8243; _module_preset=&#8221;default&#8221; global_colors_info=&#8221;{}&#8221;][et_pb_column type=&#8221;1_4&#8243; _builder_version=&#8221;4.27.0&#8243; _module_preset=&#8221;default&#8221; global_colors_info=&#8221;{}&#8221;][\/et_pb_column][et_pb_column type=&#8221;1_4&#8243; _builder_version=&#8221;4.27.0&#8243; _module_preset=&#8221;default&#8221; global_colors_info=&#8221;{}&#8221;][\/et_pb_column][et_pb_column type=&#8221;1_4&#8243; _builder_version=&#8221;4.27.0&#8243; _module_preset=&#8221;default&#8221; global_colors_info=&#8221;{}&#8221;][\/et_pb_column][et_pb_column type=&#8221;1_4&#8243; _builder_version=&#8221;4.27.0&#8243; _module_preset=&#8221;default&#8221; global_colors_info=&#8221;{}&#8221;][\/et_pb_column][\/et_pb_row][\/et_pb_section]<\/p>\n","protected":false},"excerpt":{"rendered":"<p>Sobre IATA Arquitectos. Somos ese espacio en donde la arquitectura cobra vida a trav\u00e9s de la innovaci\u00f3n y la creatividad. En nuestro despacho, cada proyecto es una oportunidad para transformar espacios en obras que inspiran, impactan y perduran en el tiempo. Nos especializamos en dise\u00f1ar soluciones arquitect\u00f3nicas que combinan funcionalidad y est\u00e9tica, siempre poniendo en [&hellip;]<\/p>\n","protected":false},"author":1,"featured_media":0,"parent":0,"menu_order":0,"comment_status":"closed","ping_status":"closed","template":"","meta":{"_et_pb_use_builder":"on","_et_pb_old_content":"","_et_gb_content_width":"","_joinchat":[],"footnotes":""},"class_list":["post-81","page","type-page","status-publish","hentry"],"_links":{"self":[{"href":"https:\/\/www.iaarquitectos.com\/index.php?rest_route=\/wp\/v2\/pages\/81","targetHints":{"allow":["GET"]}}],"collection":[{"href":"https:\/\/www.iaarquitectos.com\/index.php?rest_route=\/wp\/v2\/pages"}],"about":[{"href":"https:\/\/www.iaarquitectos.com\/index.php?rest_route=\/wp\/v2\/types\/page"}],"author":[{"embeddable":true,"href":"https:\/\/www.iaarquitectos.com\/index.php?rest_route=\/wp\/v2\/users\/1"}],"replies":[{"embeddable":true,"href":"https:\/\/www.iaarquitectos.com\/index.php?rest_route=%2Fwp%2Fv2%2Fcomments&post=81"}],"version-history":[{"count":37,"href":"https:\/\/www.iaarquitectos.com\/index.php?rest_route=\/wp\/v2\/pages\/81\/revisions"}],"predecessor-version":[{"id":409,"href":"https:\/\/www.iaarquitectos.com\/index.php?rest_route=\/wp\/v2\/pages\/81\/revisions\/409"}],"wp:attachment":[{"href":"https:\/\/www.iaarquitectos.com\/index.php?rest_route=%2Fwp%2Fv2%2Fmedia&parent=81"}],"curies":[{"name":"wp","href":"https:\/\/api.w.org\/{rel}","templated":true}]}}