{"id":100,"date":"2024-02-12T13:50:55","date_gmt":"2024-02-12T13:50:55","guid":{"rendered":"https:\/\/educatia.com.mx\/?page_id=100"},"modified":"2024-02-20T18:48:04","modified_gmt":"2024-02-20T18:48:04","slug":"sobre-nosotros","status":"publish","type":"page","link":"https:\/\/www.iaarquitectos.com\/?page_id=100","title":{"rendered":"Sobre nosotros"},"content":{"rendered":"<p>[et_pb_section fb_built=&#8221;1&#8243; _builder_version=&#8221;4.22.1&#8243; _module_preset=&#8221;default&#8221; global_colors_info=&#8221;{}&#8221;][et_pb_row column_structure=&#8221;1_2,1_2&#8243; _builder_version=&#8221;4.22.1&#8243; _module_preset=&#8221;default&#8221; global_colors_info=&#8221;{}&#8221;][et_pb_column type=&#8221;1_2&#8243; _builder_version=&#8221;4.22.1&#8243; _module_preset=&#8221;default&#8221; global_colors_info=&#8221;{}&#8221;][et_pb_image src=&#8221;https:\/\/www.iaarquitectos.com\/wp-content\/uploads\/2024\/02\/Logo-volumen_texto-gris.jpeg&#8221; title_text=&#8221;Logo volumen_texto gris&#8221; _builder_version=&#8221;4.22.1&#8243; _module_preset=&#8221;default&#8221; hover_enabled=&#8221;0&#8243; global_colors_info=&#8221;{}&#8221; sticky_enabled=&#8221;0&#8243;][\/et_pb_image][\/et_pb_column][et_pb_column type=&#8221;1_2&#8243; _builder_version=&#8221;4.22.1&#8243; _module_preset=&#8221;default&#8221; global_colors_info=&#8221;{}&#8221;][et_pb_text _builder_version=&#8221;4.22.1&#8243; _module_preset=&#8221;default&#8221; global_colors_info=&#8221;{}&#8221;]<\/p>\n<h1><strong>\u00bfQui\u00e9nes somos?<\/strong><\/h1>\n<p style=\"text-align: justify;\">En IATA Arquitectos, nos enorgullece ser un equipo de profesionales altamente experimentados en el mundo de la construcci\u00f3n y el dise\u00f1o. Con nuestra pasi\u00f3n por la excelencia y nuestro compromiso con la calidad, estamos aqu\u00ed para brindarte servicios de primera categor\u00eda que te permitir\u00e1n alcanzar tus objetivos arquitect\u00f3nicos con eficiencia y precisi\u00f3n.<\/p>\n<p style=\"text-align: justify;\">\u00bfQu\u00e9 nos hace diferentes? Nos enfocamos en proporcionar soluciones integrales que no solo cumplen con tus expectativas, sino que las superan. Nuestro enfoque en la eficiencia en costos, tiempo y calidad garantiza que cada proyecto sea ejecutado de manera \u00f3ptima, desde el concepto inicial hasta la entrega final.<\/p>\n<p style=\"text-align: justify;\">\u00bfEst\u00e1s listo para dar vida a tus ideas arquitect\u00f3nicas con un equipo que realmente comprende tus necesidades? \u00a1\u00danete a nosotros en el viaje hacia la creaci\u00f3n de espacios extraordinarios que reflejen tu visi\u00f3n y estilo \u00fanico!<\/p>\n<p>[\/et_pb_text][et_pb_button button_url=&#8221;@ET-DC@eyJkeW5hbWljIjp0cnVlLCJjb250ZW50IjoicG9zdF9saW5rX3VybF9wYWdlIiwic2V0dGluZ3MiOnsicG9zdF9pZCI6IjEwNyJ9fQ==@&#8221; button_text=&#8221;Cont\u00e1ctanos&#8221; button_alignment=&#8221;right&#8221; _builder_version=&#8221;4.22.1&#8243; _dynamic_attributes=&#8221;button_url&#8221; _module_preset=&#8221;default&#8221; custom_button=&#8221;on&#8221; button_text_color=&#8221;#E09900&#8243; button_icon=&#8221;&#xe076;||divi||400&#8243; global_colors_info=&#8221;{}&#8221;][\/et_pb_button][\/et_pb_column][\/et_pb_row][\/et_pb_section]<\/p>\n","protected":false},"excerpt":{"rendered":"<p>\u00bfQui\u00e9nes somos? En IATA Arquitectos, nos enorgullece ser un equipo de profesionales altamente experimentados en el mundo de la construcci\u00f3n y el dise\u00f1o. Con nuestra pasi\u00f3n por la excelencia y nuestro compromiso con la calidad, estamos aqu\u00ed para brindarte servicios de primera categor\u00eda que te permitir\u00e1n alcanzar tus objetivos arquitect\u00f3nicos con eficiencia y precisi\u00f3n. \u00bfQu\u00e9 [&hellip;]<\/p>\n","protected":false},"author":1,"featured_media":0,"parent":0,"menu_order":0,"comment_status":"closed","ping_status":"closed","template":"","meta":{"_et_pb_use_builder":"on","_et_pb_old_content":"","_et_gb_content_width":"","_joinchat":[],"footnotes":""},"class_list":["post-100","page","type-page","status-publish","hentry"],"_links":{"self":[{"href":"https:\/\/www.iaarquitectos.com\/index.php?rest_route=\/wp\/v2\/pages\/100","targetHints":{"allow":["GET"]}}],"collection":[{"href":"https:\/\/www.iaarquitectos.com\/index.php?rest_route=\/wp\/v2\/pages"}],"about":[{"href":"https:\/\/www.iaarquitectos.com\/index.php?rest_route=\/wp\/v2\/types\/page"}],"author":[{"embeddable":true,"href":"https:\/\/www.iaarquitectos.com\/index.php?rest_route=\/wp\/v2\/users\/1"}],"replies":[{"embeddable":true,"href":"https:\/\/www.iaarquitectos.com\/index.php?rest_route=%2Fwp%2Fv2%2Fcomments&post=100"}],"version-history":[{"count":6,"href":"https:\/\/www.iaarquitectos.com\/index.php?rest_route=\/wp\/v2\/pages\/100\/revisions"}],"predecessor-version":[{"id":312,"href":"https:\/\/www.iaarquitectos.com\/index.php?rest_route=\/wp\/v2\/pages\/100\/revisions\/312"}],"wp:attachment":[{"href":"https:\/\/www.iaarquitectos.com\/index.php?rest_route=%2Fwp%2Fv2%2Fmedia&parent=100"}],"curies":[{"name":"wp","href":"https:\/\/api.w.org\/{rel}","templated":true}]}}